{"id":459,"date":"2023-11-08T10:47:08","date_gmt":"2023-11-08T09:47:08","guid":{"rendered":"https:\/\/eternel.site\/?post_type=product&#038;p=459"},"modified":"2023-11-11T13:11:04","modified_gmt":"2023-11-11T12:11:04","slug":"nettoyage-sans-fleurissement-2-interventions","status":"publish","type":"product","link":"https:\/\/eternel.site\/?product=nettoyage-sans-fleurissement-2-interventions","title":{"rendered":"Nettoyage sans fleurissement ( 2 interventions )"},"content":{"rendered":"<p>Notre service \u00ab\u00a0Nettoyage Sans Fleurissement\u00a0\u00bb est sp\u00e9cialement con\u00e7u pour ceux qui souhaitent mettre l&rsquo;accent sur l&rsquo;entretien m\u00e9ticuleux et la pr\u00e9servation de la s\u00e9pulture. Notre \u00e9quipe d\u00e9di\u00e9e prend en charge chaque d\u00e9tail avec soin et respect.<\/p>\n<p>Les prestations de ce service incluent :<\/p>\n<ul>\n<li>Ablation des mauvaises herbes pour un aspect soign\u00e9 et ordonn\u00e9.<\/li>\n<li>Enl\u00e8vement des fleurs fan\u00e9es, laissant place \u00e0 une s\u00e9pulture impeccable et apaisante.<\/li>\n<li>D\u00e9poussi\u00e9rage minutieux pour restaurer l&rsquo;\u00e9clat et la dignit\u00e9 de chaque monument fun\u00e9raire.<\/li>\n<li>Nettoyage des joints pour un r\u00e9sultat impeccable et durable.<\/li>\n<li>Rin\u00e7age suivi d&rsquo;un s\u00e9chage m\u00e9ticuleux pour garantir une finition impeccable.<\/li>\n<li>Arrosage d\u00e9licat pour pr\u00e9server la vitalit\u00e9 des plantes et leur \u00e9clat naturel.<\/li>\n<\/ul>\n","protected":false},"excerpt":{"rendered":"<ul>\n<li>Possibilit\u00e9 de r\u00e9gler par ch\u00e8que ou esp\u00e8ce<\/li>\n<li>Produits 100% \u00e9co-responsable<\/li>\n<li>D\u00e9lai de 7 jours<\/li>\n<\/ul>\n","protected":false},"featured_media":599,"comment_status":"open","ping_status":"closed","template":"","meta":[],"product_brand":[],"product_cat":[15],"product_tag":[],"class_list":{"0":"post-459","1":"product","2":"type-product","3":"status-publish","4":"has-post-thumbnail","6":"product_cat-uncategorized","8":"entry","9":"has-media","11":"first","12":"instock","13":"sale","14":"shipping-taxable","15":"purchasable","16":"product-type-simple","17":"has-product-nav","18":"col","19":"span_1_of_3","20":"owp-content-center","21":"owp-thumbs-layout-horizontal","22":"owp-btn-normal","23":"owp-tabs-layout-horizontal","24":"has-no-thumbnails"},"yoast_head":"<!-- This site is optimized with the Yoast SEO plugin v26.3 - https:\/\/yoast.com\/wordpress\/plugins\/seo\/ -->\n<title>Nettoyage sans fleurissement ( 2 interventions ) - \u00c9ternel<\/title>\n<meta name=\"robots\" content=\"index, follow, max-snippet:-1, max-image-preview:large, max-video-preview:-1\" \/>\n<link rel=\"canonical\" href=\"https:\/\/eternel.site\/?product=nettoyage-sans-fleurissement-2-interventions\" \/>\n<meta property=\"og:locale\" content=\"fr_FR\" \/>\n<meta property=\"og:type\" content=\"article\" \/>\n<meta property=\"og:title\" content=\"Nettoyage sans fleurissement ( 2 interventions ) - \u00c9ternel\" \/>\n<meta property=\"og:description\" content=\"Possibilit\u00e9 de r\u00e9gler par ch\u00e8que ou esp\u00e8ce  Produits 100% \u00e9co-responsable  D\u00e9lai de 7 jours\" \/>\n<meta property=\"og:url\" content=\"https:\/\/eternel.site\/?product=nettoyage-sans-fleurissement-2-interventions\" \/>\n<meta property=\"og:site_name\" content=\"\u00c9ternel\" \/>\n<meta property=\"article:publisher\" content=\"https:\/\/www.facebook.com\/profile.php?id=61552523105185\" \/>\n<meta property=\"article:modified_time\" content=\"2023-11-11T12:11:04+00:00\" \/>\n<meta property=\"og:image\" content=\"http:\/\/eternel.site\/wp-content\/uploads\/2023\/11\/Nettoyage-sans-fleurissement-7.png\" \/>\n\t<meta property=\"og:image:width\" content=\"1080\" \/>\n\t<meta property=\"og:image:height\" content=\"1080\" \/>\n\t<meta property=\"og:image:type\" content=\"image\/png\" \/>\n<meta name=\"twitter:card\" content=\"summary_large_image\" \/>\n<meta name=\"twitter:label1\" content=\"Dur\u00e9e de lecture estim\u00e9e\" \/>\n\t<meta name=\"twitter:data1\" content=\"1 minute\" \/>\n<script type=\"application\/ld+json\" class=\"yoast-schema-graph\">{\"@context\":\"https:\/\/schema.org\",\"@graph\":[{\"@type\":\"WebPage\",\"@id\":\"https:\/\/eternel.site\/?product=nettoyage-sans-fleurissement-2-interventions\",\"url\":\"https:\/\/eternel.site\/?product=nettoyage-sans-fleurissement-2-interventions\",\"name\":\"Nettoyage sans fleurissement ( 2 interventions ) - \u00c9ternel\",\"isPartOf\":{\"@id\":\"https:\/\/eternel.site\/#website\"},\"primaryImageOfPage\":{\"@id\":\"https:\/\/eternel.site\/?product=nettoyage-sans-fleurissement-2-interventions#primaryimage\"},\"image\":{\"@id\":\"https:\/\/eternel.site\/?product=nettoyage-sans-fleurissement-2-interventions#primaryimage\"},\"thumbnailUrl\":\"https:\/\/eternel.site\/wp-content\/uploads\/2023\/11\/Nettoyage-sans-fleurissement-7.png\",\"datePublished\":\"2023-11-08T09:47:08+00:00\",\"dateModified\":\"2023-11-11T12:11:04+00:00\",\"breadcrumb\":{\"@id\":\"https:\/\/eternel.site\/?product=nettoyage-sans-fleurissement-2-interventions#breadcrumb\"},\"inLanguage\":\"fr-FR\",\"potentialAction\":[{\"@type\":\"ReadAction\",\"target\":[\"https:\/\/eternel.site\/?product=nettoyage-sans-fleurissement-2-interventions\"]}]},{\"@type\":\"ImageObject\",\"inLanguage\":\"fr-FR\",\"@id\":\"https:\/\/eternel.site\/?product=nettoyage-sans-fleurissement-2-interventions#primaryimage\",\"url\":\"https:\/\/eternel.site\/wp-content\/uploads\/2023\/11\/Nettoyage-sans-fleurissement-7.png\",\"contentUrl\":\"https:\/\/eternel.site\/wp-content\/uploads\/2023\/11\/Nettoyage-sans-fleurissement-7.png\",\"width\":1080,\"height\":1080},{\"@type\":\"BreadcrumbList\",\"@id\":\"https:\/\/eternel.site\/?product=nettoyage-sans-fleurissement-2-interventions#breadcrumb\",\"itemListElement\":[{\"@type\":\"ListItem\",\"position\":1,\"name\":\"Accueil\",\"item\":\"https:\/\/eternel.site\/\"},{\"@type\":\"ListItem\",\"position\":2,\"name\":\"Tarifs\",\"item\":\"https:\/\/eternel.site\/?page_id=69\"},{\"@type\":\"ListItem\",\"position\":3,\"name\":\"Nettoyage sans fleurissement ( 2 interventions )\"}]},{\"@type\":\"WebSite\",\"@id\":\"https:\/\/eternel.site\/#website\",\"url\":\"https:\/\/eternel.site\/\",\"name\":\"\u00c9ternel\",\"description\":\"\",\"publisher\":{\"@id\":\"https:\/\/eternel.site\/#organization\"},\"potentialAction\":[{\"@type\":\"SearchAction\",\"target\":{\"@type\":\"EntryPoint\",\"urlTemplate\":\"https:\/\/eternel.site\/?s={search_term_string}\"},\"query-input\":{\"@type\":\"PropertyValueSpecification\",\"valueRequired\":true,\"valueName\":\"search_term_string\"}}],\"inLanguage\":\"fr-FR\"},{\"@type\":\"Organization\",\"@id\":\"https:\/\/eternel.site\/#organization\",\"name\":\"\u00c9ternel\",\"url\":\"https:\/\/eternel.site\/\",\"logo\":{\"@type\":\"ImageObject\",\"inLanguage\":\"fr-FR\",\"@id\":\"https:\/\/eternel.site\/#\/schema\/logo\/image\/\",\"url\":\"https:\/\/eternel.site\/wp-content\/uploads\/2023\/10\/cropped-cropped-Capture_d_ecran_2023-10-20_a_11.08.13-removebg-preview.png\",\"contentUrl\":\"https:\/\/eternel.site\/wp-content\/uploads\/2023\/10\/cropped-cropped-Capture_d_ecran_2023-10-20_a_11.08.13-removebg-preview.png\",\"width\":131,\"height\":197,\"caption\":\"\u00c9ternel\"},\"image\":{\"@id\":\"https:\/\/eternel.site\/#\/schema\/logo\/image\/\"},\"sameAs\":[\"https:\/\/www.facebook.com\/profile.php?id=61552523105185\"]}]}<\/script>\n<!-- \/ Yoast SEO plugin. -->","yoast_head_json":{"title":"Nettoyage sans fleurissement ( 2 interventions ) - \u00c9ternel","robots":{"index":"index","follow":"follow","max-snippet":"max-snippet:-1","max-image-preview":"max-image-preview:large","max-video-preview":"max-video-preview:-1"},"canonical":"https:\/\/eternel.site\/?product=nettoyage-sans-fleurissement-2-interventions","og_locale":"fr_FR","og_type":"article","og_title":"Nettoyage sans fleurissement ( 2 interventions ) - \u00c9ternel","og_description":"Possibilit\u00e9 de r\u00e9gler par ch\u00e8que ou esp\u00e8ce  Produits 100% \u00e9co-responsable  D\u00e9lai de 7 jours","og_url":"https:\/\/eternel.site\/?product=nettoyage-sans-fleurissement-2-interventions","og_site_name":"\u00c9ternel","article_publisher":"https:\/\/www.facebook.com\/profile.php?id=61552523105185","article_modified_time":"2023-11-11T12:11:04+00:00","og_image":[{"width":1080,"height":1080,"url":"http:\/\/eternel.site\/wp-content\/uploads\/2023\/11\/Nettoyage-sans-fleurissement-7.png","type":"image\/png"}],"twitter_card":"summary_large_image","twitter_misc":{"Dur\u00e9e de lecture estim\u00e9e":"1 minute"},"schema":{"@context":"https:\/\/schema.org","@graph":[{"@type":"WebPage","@id":"https:\/\/eternel.site\/?product=nettoyage-sans-fleurissement-2-interventions","url":"https:\/\/eternel.site\/?product=nettoyage-sans-fleurissement-2-interventions","name":"Nettoyage sans fleurissement ( 2 interventions ) - \u00c9ternel","isPartOf":{"@id":"https:\/\/eternel.site\/#website"},"primaryImageOfPage":{"@id":"https:\/\/eternel.site\/?product=nettoyage-sans-fleurissement-2-interventions#primaryimage"},"image":{"@id":"https:\/\/eternel.site\/?product=nettoyage-sans-fleurissement-2-interventions#primaryimage"},"thumbnailUrl":"https:\/\/eternel.site\/wp-content\/uploads\/2023\/11\/Nettoyage-sans-fleurissement-7.png","datePublished":"2023-11-08T09:47:08+00:00","dateModified":"2023-11-11T12:11:04+00:00","breadcrumb":{"@id":"https:\/\/eternel.site\/?product=nettoyage-sans-fleurissement-2-interventions#breadcrumb"},"inLanguage":"fr-FR","potentialAction":[{"@type":"ReadAction","target":["https:\/\/eternel.site\/?product=nettoyage-sans-fleurissement-2-interventions"]}]},{"@type":"ImageObject","inLanguage":"fr-FR","@id":"https:\/\/eternel.site\/?product=nettoyage-sans-fleurissement-2-interventions#primaryimage","url":"https:\/\/eternel.site\/wp-content\/uploads\/2023\/11\/Nettoyage-sans-fleurissement-7.png","contentUrl":"https:\/\/eternel.site\/wp-content\/uploads\/2023\/11\/Nettoyage-sans-fleurissement-7.png","width":1080,"height":1080},{"@type":"BreadcrumbList","@id":"https:\/\/eternel.site\/?product=nettoyage-sans-fleurissement-2-interventions#breadcrumb","itemListElement":[{"@type":"ListItem","position":1,"name":"Accueil","item":"https:\/\/eternel.site\/"},{"@type":"ListItem","position":2,"name":"Tarifs","item":"https:\/\/eternel.site\/?page_id=69"},{"@type":"ListItem","position":3,"name":"Nettoyage sans fleurissement ( 2 interventions )"}]},{"@type":"WebSite","@id":"https:\/\/eternel.site\/#website","url":"https:\/\/eternel.site\/","name":"\u00c9ternel","description":"","publisher":{"@id":"https:\/\/eternel.site\/#organization"},"potentialAction":[{"@type":"SearchAction","target":{"@type":"EntryPoint","urlTemplate":"https:\/\/eternel.site\/?s={search_term_string}"},"query-input":{"@type":"PropertyValueSpecification","valueRequired":true,"valueName":"search_term_string"}}],"inLanguage":"fr-FR"},{"@type":"Organization","@id":"https:\/\/eternel.site\/#organization","name":"\u00c9ternel","url":"https:\/\/eternel.site\/","logo":{"@type":"ImageObject","inLanguage":"fr-FR","@id":"https:\/\/eternel.site\/#\/schema\/logo\/image\/","url":"https:\/\/eternel.site\/wp-content\/uploads\/2023\/10\/cropped-cropped-Capture_d_ecran_2023-10-20_a_11.08.13-removebg-preview.png","contentUrl":"https:\/\/eternel.site\/wp-content\/uploads\/2023\/10\/cropped-cropped-Capture_d_ecran_2023-10-20_a_11.08.13-removebg-preview.png","width":131,"height":197,"caption":"\u00c9ternel"},"image":{"@id":"https:\/\/eternel.site\/#\/schema\/logo\/image\/"},"sameAs":["https:\/\/www.facebook.com\/profile.php?id=61552523105185"]}]}},"jetpack_sharing_enabled":true,"_links":{"self":[{"href":"https:\/\/eternel.site\/index.php?rest_route=\/wp\/v2\/product\/459","targetHints":{"allow":["GET"]}}],"collection":[{"href":"https:\/\/eternel.site\/index.php?rest_route=\/wp\/v2\/product"}],"about":[{"href":"https:\/\/eternel.site\/index.php?rest_route=\/wp\/v2\/types\/product"}],"replies":[{"embeddable":true,"href":"https:\/\/eternel.site\/index.php?rest_route=%2Fwp%2Fv2%2Fcomments&post=459"}],"wp:featuredmedia":[{"embeddable":true,"href":"https:\/\/eternel.site\/index.php?rest_route=\/wp\/v2\/media\/599"}],"wp:attachment":[{"href":"https:\/\/eternel.site\/index.php?rest_route=%2Fwp%2Fv2%2Fmedia&parent=459"}],"wp:term":[{"taxonomy":"product_brand","embeddable":true,"href":"https:\/\/eternel.site\/index.php?rest_route=%2Fwp%2Fv2%2Fproduct_brand&post=459"},{"taxonomy":"product_cat","embeddable":true,"href":"https:\/\/eternel.site\/index.php?rest_route=%2Fwp%2Fv2%2Fproduct_cat&post=459"},{"taxonomy":"product_tag","embeddable":true,"href":"https:\/\/eternel.site\/index.php?rest_route=%2Fwp%2Fv2%2Fproduct_tag&post=459"}],"curies":[{"name":"wp","href":"https:\/\/api.w.org\/{rel}","templated":true}]}}