{"id":422,"date":"2023-11-07T08:54:29","date_gmt":"2023-11-07T07:54:29","guid":{"rendered":"https:\/\/eternel.site\/?post_type=product&#038;p=422"},"modified":"2023-11-28T17:11:42","modified_gmt":"2023-11-28T16:11:42","slug":"entretien-compassion","status":"publish","type":"product","link":"https:\/\/eternel.site\/?product=entretien-compassion","title":{"rendered":"Entretien Compassion"},"content":{"rendered":"<p>Lors de ces moments d\u00e9licats, nous comprenons l&rsquo;importance de pr\u00e9server avec soin la m\u00e9moire de vos \u00eatres chers. C&rsquo;est pourquoi nous avons cr\u00e9\u00e9 le service \u00ab\u00a0Entretien Compassion\u00a0\u00bb, une offre attentionn\u00e9e con\u00e7ue pour all\u00e9ger vos pr\u00e9occupations et maintenir l&rsquo;espace de comm\u00e9moration dans un \u00e9tat de s\u00e9r\u00e9nit\u00e9.<\/p>\n<p>Cette formule exclusive comprend deux visites d\u00e9di\u00e9es, respectivement au 7e et 14e jour suivant les obs\u00e8ques. Notre \u00e9quipe d\u00e9vou\u00e9e se chargera de retirer les fleurs fan\u00e9es et les v\u00e9g\u00e9taux ab\u00eem\u00e9s, pr\u00e9servant ainsi la beaut\u00e9 et la dignit\u00e9 de la s\u00e9pulture. Nous prendrons \u00e9galement le temps d&rsquo;arroser les plantes, assurant ainsi leur vitalit\u00e9 et leur \u00e9clat.<\/p>\n<p>Enfin, nous proc\u00e9derons \u00e0 un balayage minutieux pour garantir un environnement impeccable et respectueux.<\/p>\n","protected":false},"excerpt":{"rendered":"<ul>\n<li>2 passages au 7e et 14e jour suivant les obs\u00e8ques<\/li>\n<li>Retrait des fleurs fan\u00e9es<\/li>\n<li>Entretient des plantes<\/li>\n<li>Balayage<\/li>\n<\/ul>\n","protected":false},"featured_media":479,"comment_status":"open","ping_status":"closed","template":"","meta":[],"product_brand":[],"product_cat":[25],"product_tag":[],"class_list":{"0":"post-422","1":"product","2":"type-product","3":"status-publish","4":"has-post-thumbnail","6":"product_cat-nettoyage","8":"entry","9":"has-media","11":"first","12":"instock","13":"shipping-taxable","14":"purchasable","15":"product-type-simple","16":"has-product-nav","17":"col","18":"span_1_of_3","19":"owp-content-center","20":"owp-thumbs-layout-horizontal","21":"owp-btn-normal","22":"owp-tabs-layout-horizontal","23":"has-no-thumbnails"},"yoast_head":"<!-- This site is optimized with the Yoast SEO plugin v26.3 - https:\/\/yoast.com\/wordpress\/plugins\/seo\/ -->\n<title>Entretien Compassion - \u00c9ternel<\/title>\n<meta name=\"robots\" content=\"index, follow, max-snippet:-1, max-image-preview:large, max-video-preview:-1\" \/>\n<link rel=\"canonical\" href=\"https:\/\/eternel.site\/?product=entretien-compassion\" \/>\n<meta property=\"og:locale\" content=\"fr_FR\" \/>\n<meta property=\"og:type\" content=\"article\" \/>\n<meta property=\"og:title\" content=\"Entretien Compassion - \u00c9ternel\" \/>\n<meta property=\"og:description\" content=\"2 passages au 7e et 14e jour suivant les obs\u00e8ques  Retrait des fleurs fan\u00e9es  Entretient des plantes  Balayage\" \/>\n<meta property=\"og:url\" content=\"https:\/\/eternel.site\/?product=entretien-compassion\" \/>\n<meta property=\"og:site_name\" content=\"\u00c9ternel\" \/>\n<meta property=\"article:publisher\" content=\"https:\/\/www.facebook.com\/profile.php?id=61552523105185\" \/>\n<meta property=\"article:modified_time\" content=\"2023-11-28T16:11:42+00:00\" \/>\n<meta property=\"og:image\" content=\"http:\/\/eternel.site\/wp-content\/uploads\/2023\/11\/Formule-celebration-6.png\" \/>\n\t<meta property=\"og:image:width\" content=\"1080\" \/>\n\t<meta property=\"og:image:height\" content=\"1080\" \/>\n\t<meta property=\"og:image:type\" content=\"image\/png\" \/>\n<meta name=\"twitter:card\" content=\"summary_large_image\" \/>\n<meta name=\"twitter:label1\" content=\"Dur\u00e9e de lecture estim\u00e9e\" \/>\n\t<meta name=\"twitter:data1\" content=\"1 minute\" \/>\n<script type=\"application\/ld+json\" class=\"yoast-schema-graph\">{\"@context\":\"https:\/\/schema.org\",\"@graph\":[{\"@type\":\"WebPage\",\"@id\":\"https:\/\/eternel.site\/?product=entretien-compassion\",\"url\":\"https:\/\/eternel.site\/?product=entretien-compassion\",\"name\":\"Entretien Compassion - \u00c9ternel\",\"isPartOf\":{\"@id\":\"https:\/\/eternel.site\/#website\"},\"primaryImageOfPage\":{\"@id\":\"https:\/\/eternel.site\/?product=entretien-compassion#primaryimage\"},\"image\":{\"@id\":\"https:\/\/eternel.site\/?product=entretien-compassion#primaryimage\"},\"thumbnailUrl\":\"https:\/\/eternel.site\/wp-content\/uploads\/2023\/11\/Formule-celebration-6.png\",\"datePublished\":\"2023-11-07T07:54:29+00:00\",\"dateModified\":\"2023-11-28T16:11:42+00:00\",\"breadcrumb\":{\"@id\":\"https:\/\/eternel.site\/?product=entretien-compassion#breadcrumb\"},\"inLanguage\":\"fr-FR\",\"potentialAction\":[{\"@type\":\"ReadAction\",\"target\":[\"https:\/\/eternel.site\/?product=entretien-compassion\"]}]},{\"@type\":\"ImageObject\",\"inLanguage\":\"fr-FR\",\"@id\":\"https:\/\/eternel.site\/?product=entretien-compassion#primaryimage\",\"url\":\"https:\/\/eternel.site\/wp-content\/uploads\/2023\/11\/Formule-celebration-6.png\",\"contentUrl\":\"https:\/\/eternel.site\/wp-content\/uploads\/2023\/11\/Formule-celebration-6.png\",\"width\":1080,\"height\":1080},{\"@type\":\"BreadcrumbList\",\"@id\":\"https:\/\/eternel.site\/?product=entretien-compassion#breadcrumb\",\"itemListElement\":[{\"@type\":\"ListItem\",\"position\":1,\"name\":\"Accueil\",\"item\":\"https:\/\/eternel.site\/\"},{\"@type\":\"ListItem\",\"position\":2,\"name\":\"Tarifs\",\"item\":\"https:\/\/eternel.site\/?page_id=69\"},{\"@type\":\"ListItem\",\"position\":3,\"name\":\"Entretien Compassion\"}]},{\"@type\":\"WebSite\",\"@id\":\"https:\/\/eternel.site\/#website\",\"url\":\"https:\/\/eternel.site\/\",\"name\":\"\u00c9ternel\",\"description\":\"\",\"publisher\":{\"@id\":\"https:\/\/eternel.site\/#organization\"},\"potentialAction\":[{\"@type\":\"SearchAction\",\"target\":{\"@type\":\"EntryPoint\",\"urlTemplate\":\"https:\/\/eternel.site\/?s={search_term_string}\"},\"query-input\":{\"@type\":\"PropertyValueSpecification\",\"valueRequired\":true,\"valueName\":\"search_term_string\"}}],\"inLanguage\":\"fr-FR\"},{\"@type\":\"Organization\",\"@id\":\"https:\/\/eternel.site\/#organization\",\"name\":\"\u00c9ternel\",\"url\":\"https:\/\/eternel.site\/\",\"logo\":{\"@type\":\"ImageObject\",\"inLanguage\":\"fr-FR\",\"@id\":\"https:\/\/eternel.site\/#\/schema\/logo\/image\/\",\"url\":\"https:\/\/eternel.site\/wp-content\/uploads\/2023\/10\/cropped-cropped-Capture_d_ecran_2023-10-20_a_11.08.13-removebg-preview.png\",\"contentUrl\":\"https:\/\/eternel.site\/wp-content\/uploads\/2023\/10\/cropped-cropped-Capture_d_ecran_2023-10-20_a_11.08.13-removebg-preview.png\",\"width\":131,\"height\":197,\"caption\":\"\u00c9ternel\"},\"image\":{\"@id\":\"https:\/\/eternel.site\/#\/schema\/logo\/image\/\"},\"sameAs\":[\"https:\/\/www.facebook.com\/profile.php?id=61552523105185\"]}]}<\/script>\n<!-- \/ Yoast SEO plugin. -->","yoast_head_json":{"title":"Entretien Compassion - \u00c9ternel","robots":{"index":"index","follow":"follow","max-snippet":"max-snippet:-1","max-image-preview":"max-image-preview:large","max-video-preview":"max-video-preview:-1"},"canonical":"https:\/\/eternel.site\/?product=entretien-compassion","og_locale":"fr_FR","og_type":"article","og_title":"Entretien Compassion - \u00c9ternel","og_description":"2 passages au 7e et 14e jour suivant les obs\u00e8ques  Retrait des fleurs fan\u00e9es  Entretient des plantes  Balayage","og_url":"https:\/\/eternel.site\/?product=entretien-compassion","og_site_name":"\u00c9ternel","article_publisher":"https:\/\/www.facebook.com\/profile.php?id=61552523105185","article_modified_time":"2023-11-28T16:11:42+00:00","og_image":[{"width":1080,"height":1080,"url":"http:\/\/eternel.site\/wp-content\/uploads\/2023\/11\/Formule-celebration-6.png","type":"image\/png"}],"twitter_card":"summary_large_image","twitter_misc":{"Dur\u00e9e de lecture estim\u00e9e":"1 minute"},"schema":{"@context":"https:\/\/schema.org","@graph":[{"@type":"WebPage","@id":"https:\/\/eternel.site\/?product=entretien-compassion","url":"https:\/\/eternel.site\/?product=entretien-compassion","name":"Entretien Compassion - \u00c9ternel","isPartOf":{"@id":"https:\/\/eternel.site\/#website"},"primaryImageOfPage":{"@id":"https:\/\/eternel.site\/?product=entretien-compassion#primaryimage"},"image":{"@id":"https:\/\/eternel.site\/?product=entretien-compassion#primaryimage"},"thumbnailUrl":"https:\/\/eternel.site\/wp-content\/uploads\/2023\/11\/Formule-celebration-6.png","datePublished":"2023-11-07T07:54:29+00:00","dateModified":"2023-11-28T16:11:42+00:00","breadcrumb":{"@id":"https:\/\/eternel.site\/?product=entretien-compassion#breadcrumb"},"inLanguage":"fr-FR","potentialAction":[{"@type":"ReadAction","target":["https:\/\/eternel.site\/?product=entretien-compassion"]}]},{"@type":"ImageObject","inLanguage":"fr-FR","@id":"https:\/\/eternel.site\/?product=entretien-compassion#primaryimage","url":"https:\/\/eternel.site\/wp-content\/uploads\/2023\/11\/Formule-celebration-6.png","contentUrl":"https:\/\/eternel.site\/wp-content\/uploads\/2023\/11\/Formule-celebration-6.png","width":1080,"height":1080},{"@type":"BreadcrumbList","@id":"https:\/\/eternel.site\/?product=entretien-compassion#breadcrumb","itemListElement":[{"@type":"ListItem","position":1,"name":"Accueil","item":"https:\/\/eternel.site\/"},{"@type":"ListItem","position":2,"name":"Tarifs","item":"https:\/\/eternel.site\/?page_id=69"},{"@type":"ListItem","position":3,"name":"Entretien Compassion"}]},{"@type":"WebSite","@id":"https:\/\/eternel.site\/#website","url":"https:\/\/eternel.site\/","name":"\u00c9ternel","description":"","publisher":{"@id":"https:\/\/eternel.site\/#organization"},"potentialAction":[{"@type":"SearchAction","target":{"@type":"EntryPoint","urlTemplate":"https:\/\/eternel.site\/?s={search_term_string}"},"query-input":{"@type":"PropertyValueSpecification","valueRequired":true,"valueName":"search_term_string"}}],"inLanguage":"fr-FR"},{"@type":"Organization","@id":"https:\/\/eternel.site\/#organization","name":"\u00c9ternel","url":"https:\/\/eternel.site\/","logo":{"@type":"ImageObject","inLanguage":"fr-FR","@id":"https:\/\/eternel.site\/#\/schema\/logo\/image\/","url":"https:\/\/eternel.site\/wp-content\/uploads\/2023\/10\/cropped-cropped-Capture_d_ecran_2023-10-20_a_11.08.13-removebg-preview.png","contentUrl":"https:\/\/eternel.site\/wp-content\/uploads\/2023\/10\/cropped-cropped-Capture_d_ecran_2023-10-20_a_11.08.13-removebg-preview.png","width":131,"height":197,"caption":"\u00c9ternel"},"image":{"@id":"https:\/\/eternel.site\/#\/schema\/logo\/image\/"},"sameAs":["https:\/\/www.facebook.com\/profile.php?id=61552523105185"]}]}},"jetpack_sharing_enabled":true,"_links":{"self":[{"href":"https:\/\/eternel.site\/index.php?rest_route=\/wp\/v2\/product\/422","targetHints":{"allow":["GET"]}}],"collection":[{"href":"https:\/\/eternel.site\/index.php?rest_route=\/wp\/v2\/product"}],"about":[{"href":"https:\/\/eternel.site\/index.php?rest_route=\/wp\/v2\/types\/product"}],"replies":[{"embeddable":true,"href":"https:\/\/eternel.site\/index.php?rest_route=%2Fwp%2Fv2%2Fcomments&post=422"}],"wp:featuredmedia":[{"embeddable":true,"href":"https:\/\/eternel.site\/index.php?rest_route=\/wp\/v2\/media\/479"}],"wp:attachment":[{"href":"https:\/\/eternel.site\/index.php?rest_route=%2Fwp%2Fv2%2Fmedia&parent=422"}],"wp:term":[{"taxonomy":"product_brand","embeddable":true,"href":"https:\/\/eternel.site\/index.php?rest_route=%2Fwp%2Fv2%2Fproduct_brand&post=422"},{"taxonomy":"product_cat","embeddable":true,"href":"https:\/\/eternel.site\/index.php?rest_route=%2Fwp%2Fv2%2Fproduct_cat&post=422"},{"taxonomy":"product_tag","embeddable":true,"href":"https:\/\/eternel.site\/index.php?rest_route=%2Fwp%2Fv2%2Fproduct_tag&post=422"}],"curies":[{"name":"wp","href":"https:\/\/api.w.org\/{rel}","templated":true}]}}