{"id":412,"date":"2023-11-07T00:04:01","date_gmt":"2023-11-06T23:04:01","guid":{"rendered":"https:\/\/eternel.site\/?post_type=product&#038;p=412"},"modified":"2024-03-23T04:13:37","modified_gmt":"2024-03-23T03:13:37","slug":"formule-celebration","status":"publish","type":"product","link":"https:\/\/eternel.site\/?product=formule-celebration","title":{"rendered":"Formule C\u00e9l\u00e9brations"},"content":{"rendered":"<p>La \u00ab\u00a0Formule C\u00e9l\u00e9brations\u00a0\u00bb est le choix parfait pour honorer vos proches de mani\u00e8re sp\u00e9ciale et respectueuse. Cette formule exclusive comprend le nettoyage m\u00e9ticuleux du columbarium, assurant ainsi un espace immacul\u00e9 o\u00f9 les souvenirs pr\u00e9cieux peuvent prendre place.En plus de ce service essentiel, nous d\u00e9posons un bouquet de fleurs soigneusement arrang\u00e9.<\/p>\n","protected":false},"excerpt":{"rendered":"<p>La \u00ab\u00a0Formule C\u00e9l\u00e9brations\u00a0\u00bb est le choix parfait pour honorer vos proches de mani\u00e8re sp\u00e9ciale et respectueuse. Cette formule exclusive comprend le nettoyage m\u00e9ticuleux du columbarium, assurant ainsi un espace immacul\u00e9 o\u00f9 les souvenirs pr\u00e9cieux peuvent prendre place.En plus de ce service essentiel, nous d\u00e9posons un bouquet de fleurs soigneusement arrang\u00e9.<\/p>\n","protected":false},"featured_media":480,"comment_status":"open","ping_status":"closed","template":"","meta":[],"product_brand":[],"product_cat":[27],"product_tag":[],"class_list":{"0":"post-412","1":"product","2":"type-product","3":"status-publish","4":"has-post-thumbnail","6":"product_cat-nettoyage-fleurissement","8":"entry","9":"has-media","11":"first","12":"instock","13":"shipping-taxable","14":"purchasable","15":"product-type-simple","16":"has-product-nav","17":"col","18":"span_1_of_3","19":"owp-content-center","20":"owp-thumbs-layout-horizontal","21":"owp-btn-normal","22":"owp-tabs-layout-horizontal","23":"has-no-thumbnails"},"yoast_head":"<!-- This site is optimized with the Yoast SEO plugin v26.3 - https:\/\/yoast.com\/wordpress\/plugins\/seo\/ -->\n<title>Formule C\u00e9l\u00e9brations - \u00c9ternel<\/title>\n<meta name=\"robots\" content=\"index, follow, max-snippet:-1, max-image-preview:large, max-video-preview:-1\" \/>\n<link rel=\"canonical\" href=\"https:\/\/eternel.site\/?product=formule-celebration\" \/>\n<meta property=\"og:locale\" content=\"fr_FR\" \/>\n<meta property=\"og:type\" content=\"article\" \/>\n<meta property=\"og:title\" content=\"Formule C\u00e9l\u00e9brations - \u00c9ternel\" \/>\n<meta property=\"og:description\" content=\"La \u00ab\u00a0Formule C\u00e9l\u00e9brations\u00a0\u00bb est le choix parfait pour honorer vos proches de mani\u00e8re sp\u00e9ciale et respectueuse. Cette formule exclusive comprend le nettoyage m\u00e9ticuleux du columbarium, assurant ainsi un espace immacul\u00e9 o\u00f9 les souvenirs pr\u00e9cieux peuvent prendre place.En plus de ce service essentiel, nous d\u00e9posons un bouquet de fleurs soigneusement arrang\u00e9.\" \/>\n<meta property=\"og:url\" content=\"https:\/\/eternel.site\/?product=formule-celebration\" \/>\n<meta property=\"og:site_name\" content=\"\u00c9ternel\" \/>\n<meta property=\"article:publisher\" content=\"https:\/\/www.facebook.com\/profile.php?id=61552523105185\" \/>\n<meta property=\"article:modified_time\" content=\"2024-03-23T03:13:37+00:00\" \/>\n<meta property=\"og:image\" content=\"http:\/\/eternel.site\/wp-content\/uploads\/2023\/11\/Formule-celebration-7.png\" \/>\n\t<meta property=\"og:image:width\" content=\"1080\" \/>\n\t<meta property=\"og:image:height\" content=\"1080\" \/>\n\t<meta property=\"og:image:type\" content=\"image\/png\" \/>\n<meta name=\"twitter:card\" content=\"summary_large_image\" \/>\n<meta name=\"twitter:label1\" content=\"Dur\u00e9e de lecture estim\u00e9e\" \/>\n\t<meta name=\"twitter:data1\" content=\"1 minute\" \/>\n<script type=\"application\/ld+json\" class=\"yoast-schema-graph\">{\"@context\":\"https:\/\/schema.org\",\"@graph\":[{\"@type\":\"WebPage\",\"@id\":\"https:\/\/eternel.site\/?product=formule-celebration\",\"url\":\"https:\/\/eternel.site\/?product=formule-celebration\",\"name\":\"Formule C\u00e9l\u00e9brations - \u00c9ternel\",\"isPartOf\":{\"@id\":\"https:\/\/eternel.site\/#website\"},\"primaryImageOfPage\":{\"@id\":\"https:\/\/eternel.site\/?product=formule-celebration#primaryimage\"},\"image\":{\"@id\":\"https:\/\/eternel.site\/?product=formule-celebration#primaryimage\"},\"thumbnailUrl\":\"https:\/\/eternel.site\/wp-content\/uploads\/2023\/11\/Formule-celebration-7.png\",\"datePublished\":\"2023-11-06T23:04:01+00:00\",\"dateModified\":\"2024-03-23T03:13:37+00:00\",\"breadcrumb\":{\"@id\":\"https:\/\/eternel.site\/?product=formule-celebration#breadcrumb\"},\"inLanguage\":\"fr-FR\",\"potentialAction\":[{\"@type\":\"ReadAction\",\"target\":[\"https:\/\/eternel.site\/?product=formule-celebration\"]}]},{\"@type\":\"ImageObject\",\"inLanguage\":\"fr-FR\",\"@id\":\"https:\/\/eternel.site\/?product=formule-celebration#primaryimage\",\"url\":\"https:\/\/eternel.site\/wp-content\/uploads\/2023\/11\/Formule-celebration-7.png\",\"contentUrl\":\"https:\/\/eternel.site\/wp-content\/uploads\/2023\/11\/Formule-celebration-7.png\",\"width\":1080,\"height\":1080},{\"@type\":\"BreadcrumbList\",\"@id\":\"https:\/\/eternel.site\/?product=formule-celebration#breadcrumb\",\"itemListElement\":[{\"@type\":\"ListItem\",\"position\":1,\"name\":\"Accueil\",\"item\":\"https:\/\/eternel.site\/\"},{\"@type\":\"ListItem\",\"position\":2,\"name\":\"Tarifs\",\"item\":\"https:\/\/eternel.site\/?page_id=69\"},{\"@type\":\"ListItem\",\"position\":3,\"name\":\"Formule C\u00e9l\u00e9brations\"}]},{\"@type\":\"WebSite\",\"@id\":\"https:\/\/eternel.site\/#website\",\"url\":\"https:\/\/eternel.site\/\",\"name\":\"\u00c9ternel\",\"description\":\"\",\"publisher\":{\"@id\":\"https:\/\/eternel.site\/#organization\"},\"potentialAction\":[{\"@type\":\"SearchAction\",\"target\":{\"@type\":\"EntryPoint\",\"urlTemplate\":\"https:\/\/eternel.site\/?s={search_term_string}\"},\"query-input\":{\"@type\":\"PropertyValueSpecification\",\"valueRequired\":true,\"valueName\":\"search_term_string\"}}],\"inLanguage\":\"fr-FR\"},{\"@type\":\"Organization\",\"@id\":\"https:\/\/eternel.site\/#organization\",\"name\":\"\u00c9ternel\",\"url\":\"https:\/\/eternel.site\/\",\"logo\":{\"@type\":\"ImageObject\",\"inLanguage\":\"fr-FR\",\"@id\":\"https:\/\/eternel.site\/#\/schema\/logo\/image\/\",\"url\":\"https:\/\/eternel.site\/wp-content\/uploads\/2023\/10\/cropped-cropped-Capture_d_ecran_2023-10-20_a_11.08.13-removebg-preview.png\",\"contentUrl\":\"https:\/\/eternel.site\/wp-content\/uploads\/2023\/10\/cropped-cropped-Capture_d_ecran_2023-10-20_a_11.08.13-removebg-preview.png\",\"width\":131,\"height\":197,\"caption\":\"\u00c9ternel\"},\"image\":{\"@id\":\"https:\/\/eternel.site\/#\/schema\/logo\/image\/\"},\"sameAs\":[\"https:\/\/www.facebook.com\/profile.php?id=61552523105185\"]}]}<\/script>\n<!-- \/ Yoast SEO plugin. -->","yoast_head_json":{"title":"Formule C\u00e9l\u00e9brations - \u00c9ternel","robots":{"index":"index","follow":"follow","max-snippet":"max-snippet:-1","max-image-preview":"max-image-preview:large","max-video-preview":"max-video-preview:-1"},"canonical":"https:\/\/eternel.site\/?product=formule-celebration","og_locale":"fr_FR","og_type":"article","og_title":"Formule C\u00e9l\u00e9brations - \u00c9ternel","og_description":"La \u00ab\u00a0Formule C\u00e9l\u00e9brations\u00a0\u00bb est le choix parfait pour honorer vos proches de mani\u00e8re sp\u00e9ciale et respectueuse. Cette formule exclusive comprend le nettoyage m\u00e9ticuleux du columbarium, assurant ainsi un espace immacul\u00e9 o\u00f9 les souvenirs pr\u00e9cieux peuvent prendre place.En plus de ce service essentiel, nous d\u00e9posons un bouquet de fleurs soigneusement arrang\u00e9.","og_url":"https:\/\/eternel.site\/?product=formule-celebration","og_site_name":"\u00c9ternel","article_publisher":"https:\/\/www.facebook.com\/profile.php?id=61552523105185","article_modified_time":"2024-03-23T03:13:37+00:00","og_image":[{"width":1080,"height":1080,"url":"http:\/\/eternel.site\/wp-content\/uploads\/2023\/11\/Formule-celebration-7.png","type":"image\/png"}],"twitter_card":"summary_large_image","twitter_misc":{"Dur\u00e9e de lecture estim\u00e9e":"1 minute"},"schema":{"@context":"https:\/\/schema.org","@graph":[{"@type":"WebPage","@id":"https:\/\/eternel.site\/?product=formule-celebration","url":"https:\/\/eternel.site\/?product=formule-celebration","name":"Formule C\u00e9l\u00e9brations - \u00c9ternel","isPartOf":{"@id":"https:\/\/eternel.site\/#website"},"primaryImageOfPage":{"@id":"https:\/\/eternel.site\/?product=formule-celebration#primaryimage"},"image":{"@id":"https:\/\/eternel.site\/?product=formule-celebration#primaryimage"},"thumbnailUrl":"https:\/\/eternel.site\/wp-content\/uploads\/2023\/11\/Formule-celebration-7.png","datePublished":"2023-11-06T23:04:01+00:00","dateModified":"2024-03-23T03:13:37+00:00","breadcrumb":{"@id":"https:\/\/eternel.site\/?product=formule-celebration#breadcrumb"},"inLanguage":"fr-FR","potentialAction":[{"@type":"ReadAction","target":["https:\/\/eternel.site\/?product=formule-celebration"]}]},{"@type":"ImageObject","inLanguage":"fr-FR","@id":"https:\/\/eternel.site\/?product=formule-celebration#primaryimage","url":"https:\/\/eternel.site\/wp-content\/uploads\/2023\/11\/Formule-celebration-7.png","contentUrl":"https:\/\/eternel.site\/wp-content\/uploads\/2023\/11\/Formule-celebration-7.png","width":1080,"height":1080},{"@type":"BreadcrumbList","@id":"https:\/\/eternel.site\/?product=formule-celebration#breadcrumb","itemListElement":[{"@type":"ListItem","position":1,"name":"Accueil","item":"https:\/\/eternel.site\/"},{"@type":"ListItem","position":2,"name":"Tarifs","item":"https:\/\/eternel.site\/?page_id=69"},{"@type":"ListItem","position":3,"name":"Formule C\u00e9l\u00e9brations"}]},{"@type":"WebSite","@id":"https:\/\/eternel.site\/#website","url":"https:\/\/eternel.site\/","name":"\u00c9ternel","description":"","publisher":{"@id":"https:\/\/eternel.site\/#organization"},"potentialAction":[{"@type":"SearchAction","target":{"@type":"EntryPoint","urlTemplate":"https:\/\/eternel.site\/?s={search_term_string}"},"query-input":{"@type":"PropertyValueSpecification","valueRequired":true,"valueName":"search_term_string"}}],"inLanguage":"fr-FR"},{"@type":"Organization","@id":"https:\/\/eternel.site\/#organization","name":"\u00c9ternel","url":"https:\/\/eternel.site\/","logo":{"@type":"ImageObject","inLanguage":"fr-FR","@id":"https:\/\/eternel.site\/#\/schema\/logo\/image\/","url":"https:\/\/eternel.site\/wp-content\/uploads\/2023\/10\/cropped-cropped-Capture_d_ecran_2023-10-20_a_11.08.13-removebg-preview.png","contentUrl":"https:\/\/eternel.site\/wp-content\/uploads\/2023\/10\/cropped-cropped-Capture_d_ecran_2023-10-20_a_11.08.13-removebg-preview.png","width":131,"height":197,"caption":"\u00c9ternel"},"image":{"@id":"https:\/\/eternel.site\/#\/schema\/logo\/image\/"},"sameAs":["https:\/\/www.facebook.com\/profile.php?id=61552523105185"]}]}},"jetpack_sharing_enabled":true,"_links":{"self":[{"href":"https:\/\/eternel.site\/index.php?rest_route=\/wp\/v2\/product\/412","targetHints":{"allow":["GET"]}}],"collection":[{"href":"https:\/\/eternel.site\/index.php?rest_route=\/wp\/v2\/product"}],"about":[{"href":"https:\/\/eternel.site\/index.php?rest_route=\/wp\/v2\/types\/product"}],"replies":[{"embeddable":true,"href":"https:\/\/eternel.site\/index.php?rest_route=%2Fwp%2Fv2%2Fcomments&post=412"}],"wp:featuredmedia":[{"embeddable":true,"href":"https:\/\/eternel.site\/index.php?rest_route=\/wp\/v2\/media\/480"}],"wp:attachment":[{"href":"https:\/\/eternel.site\/index.php?rest_route=%2Fwp%2Fv2%2Fmedia&parent=412"}],"wp:term":[{"taxonomy":"product_brand","embeddable":true,"href":"https:\/\/eternel.site\/index.php?rest_route=%2Fwp%2Fv2%2Fproduct_brand&post=412"},{"taxonomy":"product_cat","embeddable":true,"href":"https:\/\/eternel.site\/index.php?rest_route=%2Fwp%2Fv2%2Fproduct_cat&post=412"},{"taxonomy":"product_tag","embeddable":true,"href":"https:\/\/eternel.site\/index.php?rest_route=%2Fwp%2Fv2%2Fproduct_tag&post=412"}],"curies":[{"name":"wp","href":"https:\/\/api.w.org\/{rel}","templated":true}]}}